{"id":884,"date":"2022-01-22T08:20:05","date_gmt":"2022-01-22T08:20:05","guid":{"rendered":"https:\/\/feniks.wegrow.pl\/?page_id=884"},"modified":"2026-01-30T09:47:51","modified_gmt":"2026-01-30T09:47:51","slug":"wzc","status":"publish","type":"page","link":"https:\/\/feniks.wegrow.pl\/?page_id=884","title":{"rendered":"WZC KSS FENIKS"},"content":{"rendered":"\t\t<div data-elementor-type=\"wp-page\" data-elementor-id=\"884\" class=\"elementor elementor-884\" data-elementor-settings=\"[]\">\n\t\t\t\t\t\t<div class=\"elementor-inner\">\n\t\t\t\t\t\t\t<div class=\"elementor-section-wrap\">\n\t\t\t\t\t\t\t<section class=\"elementor-section elementor-top-section elementor-element elementor-element-df79448 elementor-section-boxed elementor-section-height-default elementor-section-height-default\" data-id=\"df79448\" data-element_type=\"section\">\n\t\t\t\t\t\t<div class=\"elementor-container elementor-column-gap-default\">\n\t\t\t\t\t\t\t<div class=\"elementor-row\">\n\t\t\t\t\t<div class=\"elementor-column elementor-col-100 elementor-top-column elementor-element elementor-element-475f306\" data-id=\"475f306\" data-element_type=\"column\">\n\t\t\t<div class=\"elementor-column-wrap elementor-element-populated\">\n\t\t\t\t\t\t\t<div class=\"elementor-widget-wrap\">\n\t\t\t\t\t\t<div class=\"elementor-element elementor-element-3c42554 elementor-widget elementor-widget-heading\" data-id=\"3c42554\" data-element_type=\"widget\" data-widget_type=\"heading.default\">\n\t\t\t\t<div class=\"elementor-widget-container\">\n\t\t\t<h2 class=\"elementor-heading-title elementor-size-default\">Og\u0142oszenie<\/h2>\t\t<\/div>\n\t\t\t\t<\/div>\n\t\t\t\t\t\t<\/div>\n\t\t\t\t\t<\/div>\n\t\t<\/div>\n\t\t\t\t\t\t\t\t<\/div>\n\t\t\t\t\t<\/div>\n\t\t<\/section>\n\t\t\t\t<section class=\"elementor-section elementor-top-section elementor-element elementor-element-f3b572f elementor-section-boxed elementor-section-height-default elementor-section-height-default\" data-id=\"f3b572f\" data-element_type=\"section\">\n\t\t\t\t\t\t<div class=\"elementor-container elementor-column-gap-default\">\n\t\t\t\t\t\t\t<div class=\"elementor-row\">\n\t\t\t\t\t<div class=\"elementor-column elementor-col-100 elementor-top-column elementor-element elementor-element-6ac4eba\" data-id=\"6ac4eba\" data-element_type=\"column\">\n\t\t\t<div class=\"elementor-column-wrap elementor-element-populated\">\n\t\t\t\t\t\t\t<div class=\"elementor-widget-wrap\">\n\t\t\t\t\t\t<div class=\"elementor-element elementor-element-3dd63e6 elementor-widget elementor-widget-text-editor\" data-id=\"3dd63e6\" data-element_type=\"widget\" data-widget_type=\"text-editor.default\">\n\t\t\t\t<div class=\"elementor-widget-container\">\n\t\t\t\t\t<div class=\"elementor-text-editor elementor-clearfix\"><p>&nbsp; &nbsp; &nbsp; &nbsp; &nbsp; &nbsp; &nbsp; &nbsp; &nbsp; &nbsp; &nbsp; &nbsp; &nbsp; &nbsp; &nbsp; &nbsp; &nbsp; &nbsp; &nbsp; &nbsp; &nbsp; &nbsp; &nbsp; &nbsp; &nbsp; &nbsp; &nbsp; &nbsp; &nbsp; &nbsp; &nbsp; &nbsp; &nbsp; &nbsp; &nbsp; &nbsp; &nbsp; &nbsp; &nbsp; &nbsp; &nbsp; &nbsp; &nbsp; &nbsp; &nbsp; &nbsp; &nbsp; &nbsp; &nbsp; &nbsp; &nbsp; &nbsp; &nbsp; &nbsp; &nbsp; &nbsp; &nbsp; &nbsp; &nbsp; &nbsp; &nbsp; &nbsp;Porz\u0105dek obrad<\/p><p><span style=\"font-style: inherit;\">&nbsp; &nbsp; &nbsp; &nbsp; &nbsp; &nbsp; &nbsp; &nbsp; &nbsp; &nbsp; &nbsp; &nbsp; &nbsp; &nbsp; &nbsp; &nbsp; &nbsp; &nbsp; &nbsp; &nbsp; &nbsp; &nbsp; &nbsp; &nbsp; &nbsp; &nbsp; &nbsp; &nbsp; &nbsp; &nbsp; &nbsp; &nbsp; &nbsp; &nbsp; &nbsp; &nbsp; &nbsp; &nbsp; &nbsp; &nbsp; &nbsp; &nbsp; &nbsp; &nbsp; &nbsp; &nbsp; &nbsp;<\/span><b style=\"font-style: inherit;\">Walnego Zebrania ( sprawozdawczo \u2013 wyborczego )<\/b><\/p>\n<p><b>&nbsp; &nbsp; &nbsp; &nbsp; &nbsp; &nbsp; &nbsp; &nbsp; &nbsp; &nbsp; &nbsp; &nbsp; &nbsp; &nbsp; &nbsp; &nbsp; &nbsp; &nbsp; &nbsp; &nbsp; &nbsp; &nbsp; &nbsp; &nbsp; &nbsp; &nbsp; &nbsp; &nbsp; &nbsp; &nbsp; &nbsp; &nbsp; &nbsp; &nbsp; &nbsp; &nbsp; &nbsp; &nbsp; &nbsp; &nbsp; &nbsp; &nbsp; Cz\u0142onk\u00f3w Klubu Strzelectwa Sportowego FENIKS w W\u0119growie<\/b><\/p>\n<p><\/p>\n<p><b>&nbsp; &nbsp; &nbsp; &nbsp; &nbsp; &nbsp; &nbsp; &nbsp; &nbsp; &nbsp; &nbsp; &nbsp; &nbsp; &nbsp; &nbsp; &nbsp; &nbsp; &nbsp; &nbsp; &nbsp; &nbsp; &nbsp; &nbsp; &nbsp; &nbsp; &nbsp; &nbsp; &nbsp; &nbsp; &nbsp; &nbsp; &nbsp; &nbsp; &nbsp; &nbsp; &nbsp; &nbsp; &nbsp; &nbsp; &nbsp; &nbsp; &nbsp; &nbsp; &nbsp; &nbsp; &nbsp; &nbsp; &nbsp; &nbsp; &nbsp; &nbsp; &nbsp; &nbsp; &nbsp; &nbsp; &nbsp; &nbsp; &nbsp; &nbsp; &nbsp;w dniu 14.02.2026r.<\/b><\/p>\n<p><\/p>\n<p>1.&nbsp; Sprawdzenie listy obecno\u015bci cz\u0142onk\u00f3w KSS \u201eFeniks\u201d, oraz otwarcie obrad WZC.<\/p>\n<p>2.&nbsp; Wyb\u00f3r przewodnicz\u0105cego i sekretarza do obs\u0142ugi WZC.<\/p>\n<p>3.&nbsp; Przedstawienie i przyj\u0119cie porz\u0105dku WZC.<\/p>\n<p>4.&nbsp; Sprawozdanie Prezesa KSS \u201eFeniks\u201d z dzia\u0142alno\u015bci statutowej Klubu (prac Zarz\u0105du&nbsp;<span style=\"font-style: inherit; font-weight: inherit;\">oraz dzia\u0142alno\u015bci&nbsp; sportowej) za rok 2025.<\/span><\/p>\n<p>5.&nbsp; Sprawozdanie Skarbnika&nbsp; KSS \u201eFeniks\u201d z dzia\u0142alno\u015bci finansowej Klubu za rok 2025.<\/p>\n<p>6.&nbsp; Sprawozdania Komisji Rewizyjnej z dzia\u0142alno\u015bci w roku 2025.<\/p>\n<p>7.&nbsp; Dyskusja (propozycje i wnioski) w zakresie przedstawionych sprawozda\u0144.<\/p>\n<p>8.&nbsp; Przyj\u0119cie uchwa\u0142y w zakresie przyj\u0119cia i zatwierdzenia sprawozda\u0144 Zarz\u0105du i Komisji&nbsp;<span style=\"font-style: inherit; font-weight: inherit;\">Rewizyjnej oraz udzielenia absolutorium Zarz\u0105dowi KSS \u201eFENIKS\u201d za rok 2025.<\/span><\/p>\n<p>9.&nbsp; Wybory w\u0142adz KSS FENIKS ( Zarz\u0105du i Komisji Rewizyjnej ) &#8211; na lata 2026 &#8211; 2029:<\/p>\n<p>&#8211; wyb\u00f3r komisji mandatowo \u2013 skrutacyjnej,<\/p>\n<p>&#8211; zg\u0142aszanie kandydatur do Zarz\u0105du i Komisji Rewizyjnej KSS \u201eFENIKS\u201d w W\u0119growie,<\/p>\n<p>&#8211; g\u0142osowanie,<\/p>\n<p>&#8211; og\u0142oszenie wynik\u00f3w wybor\u00f3w,<\/p>\n<p>&#8211; ukonstytuowanie si\u0119 nowych w\u0142adz KSS \u201eFENIKS\u201d,<\/p>\n<p>&#8211; przyj\u0119cie uchwa\u0142y WZC KSS \u201eFENIKS\u201d &#8211; w zakresie wyboru nowych w\u0142adz KSS&nbsp;<span style=\"font-style: inherit; font-weight: inherit;\">FENIKS&nbsp;<\/span><span style=\"font-style: inherit; font-weight: inherit;\">w W\u0119growie na lata 2026 &#8211; 2029.<\/span><\/p>\n<p>10. Przedstawienie projektu bud\u017cetu Klubu na rok 2026.<\/p>\n<p>&#8211; dyskusja (propozycje i wnioski) w zakresie okre\u015blenia bud\u017cetu Klubu na rok 2026.<\/p>\n<p>&#8211; przyj\u0119cie uchwa\u0142y, okre\u015blaj\u0105cej bud\u017cet KSS \u201eFENIKS\u201d na rok 2026.<\/p>\n<p>11. Przedstawienie kalendarza, proponowanych przez Zarz\u0105d KSS \u201eFENIKS\u201d \u2013 zawod\u00f3w&nbsp;<span style=\"font-style: inherit; font-weight: inherit;\">sportowych na rok 2026 oraz jego zatwierdzenie.<\/span><\/p>\n<p>12. Sprawy r\u00f3\u017cne (wnioski i dyskusja).<\/p>\n<p>13. Zako\u0144czenie obrad WZC.<\/p>\n<p><\/p>\n<p>&nbsp; &nbsp; &nbsp; <b>&nbsp;Przewodnicz\u0105cy<\/b> WZC KSS FENIKS&nbsp; &nbsp; &nbsp; &nbsp; &nbsp; &nbsp; &nbsp; &nbsp; &nbsp; &nbsp; &nbsp; &nbsp; &nbsp; &nbsp; &nbsp; &nbsp; &nbsp; &nbsp; &nbsp; &nbsp; &nbsp; &nbsp; &nbsp; &nbsp; &nbsp; &nbsp; &nbsp; &nbsp;<b>Sekretarz<\/b> WZC KSS FENIKS<\/p>\n<p><\/p>\n<p>&nbsp; &nbsp; &nbsp; &nbsp;\u2026\u2026\u2026\u2026\u2026\u2026\u2026\u2026\u2026\u2026\u2026\u2026\u2026\u2026\u2026\u2026\u2026\u2026\u2026\u2026\u2026\u2026&nbsp; &nbsp; &nbsp; &nbsp; &nbsp; &nbsp; &nbsp; &nbsp; &nbsp; &nbsp; &nbsp; &nbsp; &nbsp; &nbsp; &nbsp; &nbsp; &nbsp; &nbsp; &nbsp; &nbsp; &nbsp; &nbsp; &nbsp; &nbsp;\u2026\u2026\u2026\u2026\u2026\u2026\u2026\u2026\u2026\u2026\u2026\u2026\u2026\u2026\u2026\u2026\u2026\u2026\u2026\u2026\u2026\u2026\u2026\u2026.&nbsp;<\/p><\/div>\n\t\t\t\t<\/div>\n\t\t\t\t<\/div>\n\t\t\t\t\t\t<\/div>\n\t\t\t\t\t<\/div>\n\t\t<\/div>\n\t\t\t\t\t\t\t\t<\/div>\n\t\t\t\t\t<\/div>\n\t\t<\/section>\n\t\t\t\t<section class=\"elementor-section elementor-top-section elementor-element elementor-element-36f55f0 elementor-section-boxed elementor-section-height-default elementor-section-height-default\" data-id=\"36f55f0\" data-element_type=\"section\">\n\t\t\t\t\t\t<div class=\"elementor-container elementor-column-gap-default\">\n\t\t\t\t\t\t\t<div class=\"elementor-row\">\n\t\t\t\t\t<div class=\"elementor-column elementor-col-100 elementor-top-column elementor-element elementor-element-fc7daf7\" data-id=\"fc7daf7\" data-element_type=\"column\">\n\t\t\t<div class=\"elementor-column-wrap elementor-element-populated\">\n\t\t\t\t\t\t\t<div class=\"elementor-widget-wrap\">\n\t\t\t\t\t\t<div class=\"elementor-element elementor-element-fdb8c06 elementor-widget-divider--view-line elementor-widget elementor-widget-divider\" data-id=\"fdb8c06\" data-element_type=\"widget\" data-widget_type=\"divider.default\">\n\t\t\t\t<div class=\"elementor-widget-container\">\n\t\t\t\t\t<div class=\"elementor-divider\">\n\t\t\t<span class=\"elementor-divider-separator\">\n\t\t\t\t\t\t<\/span>\n\t\t<\/div>\n\t\t\t\t<\/div>\n\t\t\t\t<\/div>\n\t\t\t\t\t\t<\/div>\n\t\t\t\t\t<\/div>\n\t\t<\/div>\n\t\t\t\t\t\t\t\t<\/div>\n\t\t\t\t\t<\/div>\n\t\t<\/section>\n\t\t\t\t<section class=\"elementor-section elementor-top-section elementor-element elementor-element-55ba6d6 elementor-section-boxed elementor-section-height-default elementor-section-height-default\" data-id=\"55ba6d6\" data-element_type=\"section\">\n\t\t\t\t\t\t<div class=\"elementor-container elementor-column-gap-default\">\n\t\t\t\t\t\t\t<div class=\"elementor-row\">\n\t\t\t\t\t<div class=\"elementor-column elementor-col-100 elementor-top-column elementor-element elementor-element-5dbd168\" data-id=\"5dbd168\" data-element_type=\"column\">\n\t\t\t<div class=\"elementor-column-wrap\">\n\t\t\t\t\t\t\t<div class=\"elementor-widget-wrap\">\n\t\t\t\t\t\t\t\t<\/div>\n\t\t\t\t\t<\/div>\n\t\t<\/div>\n\t\t\t\t\t\t\t\t<\/div>\n\t\t\t\t\t<\/div>\n\t\t<\/section>\n\t\t\t\t\t\t<\/div>\n\t\t\t\t\t\t<\/div>\n\t\t\t\t\t<\/div>\n\t\t","protected":false},"excerpt":{"rendered":"<p>Og\u0142oszenie &nbsp; &nbsp; &nbsp; &nbsp; &nbsp; &nbsp; &nbsp; &nbsp; &nbsp; &nbsp; &nbsp; &nbsp; &nbsp; &nbsp; &nbsp; &nbsp; &nbsp; &nbsp; &nbsp; &nbsp; &nbsp; &nbsp; &nbsp; &nbsp; &nbsp; &nbsp; &nbsp; &nbsp; &nbsp; &nbsp; &nbsp; &nbsp; &nbsp; &nbsp; &nbsp; &nbsp; &nbsp; &nbsp; &nbsp; &nbsp; &nbsp; &nbsp; &nbsp; &nbsp; &nbsp; &nbsp; &nbsp; &nbsp; &nbsp; &nbsp; &nbsp; &nbsp; &nbsp; &nbsp; &hellip;<\/p>\n<p class=\"read-more\"> <a class=\"\" href=\"https:\/\/feniks.wegrow.pl\/?page_id=884\"> <span class=\"screen-reader-text\">WZC KSS FENIKS<\/span> Read More &raquo;<\/a><\/p>\n","protected":false},"author":1,"featured_media":0,"parent":0,"menu_order":0,"comment_status":"closed","ping_status":"closed","template":"elementor_header_footer","meta":[],"_links":{"self":[{"href":"https:\/\/feniks.wegrow.pl\/index.php?rest_route=\/wp\/v2\/pages\/884"}],"collection":[{"href":"https:\/\/feniks.wegrow.pl\/index.php?rest_route=\/wp\/v2\/pages"}],"about":[{"href":"https:\/\/feniks.wegrow.pl\/index.php?rest_route=\/wp\/v2\/types\/page"}],"author":[{"embeddable":true,"href":"https:\/\/feniks.wegrow.pl\/index.php?rest_route=\/wp\/v2\/users\/1"}],"replies":[{"embeddable":true,"href":"https:\/\/feniks.wegrow.pl\/index.php?rest_route=%2Fwp%2Fv2%2Fcomments&post=884"}],"version-history":[{"count":41,"href":"https:\/\/feniks.wegrow.pl\/index.php?rest_route=\/wp\/v2\/pages\/884\/revisions"}],"predecessor-version":[{"id":1200,"href":"https:\/\/feniks.wegrow.pl\/index.php?rest_route=\/wp\/v2\/pages\/884\/revisions\/1200"}],"wp:attachment":[{"href":"https:\/\/feniks.wegrow.pl\/index.php?rest_route=%2Fwp%2Fv2%2Fmedia&parent=884"}],"curies":[{"name":"wp","href":"https:\/\/api.w.org\/{rel}","templated":true}]}}